{"id":3325,"date":"2023-02-24T09:03:03","date_gmt":"2023-02-24T09:03:03","guid":{"rendered":"https:\/\/waygroup.de\/?page_id=3325"},"modified":"2025-11-13T10:12:02","modified_gmt":"2025-11-13T09:12:02","slug":"legal-notice","status":"publish","type":"page","link":"https:\/\/waygroup.de\/en\/legal-notice\/","title":{"rendered":"Legal notice"},"content":{"rendered":"\t\t<div data-elementor-type=\"wp-page\" data-elementor-id=\"3325\" class=\"elementor elementor-3325\" data-elementor-post-type=\"page\">\n\t\t\t\t\t\t\t\t\t<section class=\"elementor-section elementor-top-section elementor-element elementor-element-801abe1 elementor-section-boxed elementor-section-height-default elementor-section-height-default elementor-invisible\" data-id=\"801abe1\" data-element_type=\"section\" data-settings=\"{&quot;background_background&quot;:&quot;classic&quot;,&quot;animation&quot;:&quot;fadeIn&quot;}\">\n\t\t\t\t\t\t<div class=\"elementor-container elementor-column-gap-default\">\n\t\t\t\t\t<div class=\"elementor-column elementor-col-100 elementor-top-column elementor-element elementor-element-377601d\" data-id=\"377601d\" data-element_type=\"column\">\n\t\t\t<div class=\"elementor-widget-wrap elementor-element-populated\">\n\t\t\t\t\t\t\t\t<div class=\"elementor-element elementor-element-23e72b2 elementor-invisible elementor-widget elementor-widget-uael-advanced-heading\" data-id=\"23e72b2\" data-element_type=\"widget\" data-settings=\"{&quot;_animation&quot;:&quot;slideInLeft&quot;}\" data-widget_type=\"uael-advanced-heading.default\">\n\t\t\t\t<div class=\"elementor-widget-container\">\n\t\t\t\n\t\t<div class=\"uael-module-content uael-heading-wrapper\">\n\t\t\t\t\t\t\n\t\t\t<h1 class=\"uael-heading\">\n\t\t\t\t\t\t\t\t\t\t<span class=\"uael-heading-text elementor-inline-editing uael-size--default\" data-elementor-setting-key=\"heading_title\" data-elementor-inline-editing-toolbar=\"basic\">Impressum - legal notice<\/span>\n\t\t\t\t\t\t\t<\/h1>\n\n\t\t\t\n\t\t\t\n\t\t\t\n\t\t\t\t\t\t<\/div>\n\t\t\t\t<\/div>\n\t\t\t\t<\/div>\n\t\t\t\t<div class=\"elementor-element elementor-element-8a495d3 elementor-widget elementor-widget-text-editor\" data-id=\"8a495d3\" data-element_type=\"widget\" data-widget_type=\"text-editor.default\">\n\t\t\t\t<div class=\"elementor-widget-container\">\n\t\t\t<style>\/*! elementor - v3.18.0 - 20-12-2023 *\/\n.elementor-widget-text-editor.elementor-drop-cap-view-stacked .elementor-drop-cap{background-color:#69727d;color:#fff}.elementor-widget-text-editor.elementor-drop-cap-view-framed .elementor-drop-cap{color:#69727d;border:3px solid;background-color:transparent}.elementor-widget-text-editor:not(.elementor-drop-cap-view-default) .elementor-drop-cap{margin-top:8px}.elementor-widget-text-editor:not(.elementor-drop-cap-view-default) .elementor-drop-cap-letter{width:1em;height:1em}.elementor-widget-text-editor .elementor-drop-cap{float:left;text-align:center;line-height:1;font-size:50px}.elementor-widget-text-editor .elementor-drop-cap-letter{display:inline-block}<\/style>\t\t\t\t\t\t\t\t\t\t<\/div>\n\t\t\t\t<\/div>\n\t\t\t\t\t<\/div>\n\t\t<\/div>\n\t\t\t\t\t\t\t<\/div>\n\t\t<\/section>\n\t\t\t\t<section class=\"elementor-section elementor-top-section elementor-element elementor-element-c4593ae elementor-section-boxed elementor-section-height-default elementor-section-height-default\" data-id=\"c4593ae\" data-element_type=\"section\">\n\t\t\t\t\t\t<div class=\"elementor-container elementor-column-gap-default\">\n\t\t\t\t\t<div class=\"elementor-column elementor-col-100 elementor-top-column elementor-element elementor-element-91b0c8b\" data-id=\"91b0c8b\" data-element_type=\"column\">\n\t\t\t<div class=\"elementor-widget-wrap elementor-element-populated\">\n\t\t\t\t\t\t\t\t<div class=\"elementor-element elementor-element-2a8b1ef elementor-widget elementor-widget-text-editor\" data-id=\"2a8b1ef\" data-element_type=\"widget\" data-widget_type=\"text-editor.default\">\n\t\t\t\t<div class=\"elementor-widget-container\">\n\t\t\t\t\t\t\t<h2>Information according to \u00a7 5 TMG<\/h2><p><strong>WAY Business Solutions GmbH, WAY HR Professionals &amp; Experts GmbH,<br \/><\/strong><strong>WAY People+ GmbH, WAY Engineering GmbH, WAY Digital Solutions GmbH<\/strong><\/p><p>Frankfurter Ring 150<br \/>80807 Munich<\/p><h3>Contact Information<\/h3><p>Phone: +49 89 264831-600<br \/>Fax: +49 89 264831-750<br \/>Email: info@waygroup.de<\/p><h3>Register entry<\/h3><p><b>WAY Group is a brand of the companies listed below:<\/b><\/p><p>WAY Business Solutions GmbH | registered office: Munich | Register Munich | HRB 164739 | CEO: Simon Al Chnaah<\/p><p>WAY People+ GmbH | registered office: Munich | Register Munich | HRB 201037 | CEO: Simon Al Chnaah<\/p><p>WAY Engineering GmbH | registered office: Munich | Register Munich | HRB 230904 | CEO: Simon Al Chnaah<\/p><p>WAY HR Professionals &amp; Experts GmbH | registered office: Munich | Register Munich | HRB 232533 | CEO: Simon Al Chnaah<\/p><p>WAY Digital Solutions GmbH | Sitz: M\u00fcnchen | Registergericht M\u00fcnchen | HRB 231140 | Gesch\u00e4ftsf\u00fchrung: Simon Al Chnaah<\/p><h3>VAT-ID<\/h3><p>VAT-ID according to \u00a727 a Umsatzsteuergesetz:<\/p><p><u>Way Business Solutions GmbH<\/u><\/p><p>Ust ID: DE251869130<\/p><p><u>WAY Digital Solutions GmbH<\/u><\/p><p>Ust ID: DE815676836<\/p><p><u>WAY Engineering GmbH<\/u><\/p><p>Ust ID: DE310494290<\/p><p><u>WAY HR Professionals &amp; Experts GmbH<\/u><\/p><p>Ust ID: DE311526492<\/p><p><u>WAY People+ GmbH<\/u><\/p><p>Ust ID: DE285741359<\/p><p>We are not willing or obliged to participate in dispute resolution proceedings in front of a consumer arbitration board.<\/p><p>Liability for contents<\/p><p>As a service provider, we are responsible for our own content on these pages in accordance with \u00a7 7 para. 1 TMG under the general laws. According to \u00a7\u00a7 8 to 10 TMG, we are not obligated to monitor transmitted or stored information or to investigate circumstances that indicate illegal activity.\u00a0<span style=\"font-style: inherit; font-weight: inherit; background-color: var(--ast-global-color-5);\">Obligations to remove or block the use of information under the general laws remain unaffected. However, liability in this regard is only possible from the point in time at which a concrete infringement of the law becomes known. If we become aware of any such infringements, we will remove the relevant content immediately.<\/span><\/p><p>Liability for links<\/p><p>Our offer contains links to external websites of third parties, on whose contents we have no influence. Therefore, we cannot assume any liability for these external contents. The respective provider or operator of the sites is always responsible for the content of the linked sites. The linked pages were checked for possible legal violations at the time of linking. Illegal contents were not recognizable at the time of linking.\u00a0<span style=\"font-style: inherit; font-weight: inherit; background-color: var(--ast-global-color-5);\">However, a permanent control of the contents of the linked pages is not reasonable without concrete evidence of a violation of the law. If we become aware of any infringements, we will remove such links immediately.<\/span><\/p><p>Copyright<\/p><p>The content and work created by the site operators on these pages are subject to German copyright law. Duplication, processing, distribution, or any form of commercialization of such material beyond the scope of the copyright law shall require the prior written consent of its respective author or creator. Downloads and copies of this site are only permitted for private, non-commercial use.\u00a0<span style=\"font-style: inherit; font-weight: inherit; background-color: var(--ast-global-color-5);\">Insofar as the content on this site was not created by the operator, the copyrights of third parties are respected. In particular, third-party content is identified as such. Should you nevertheless become aware of a copyright infringement, please inform us accordingly. If we become aware of any infringements, we will remove such content immediately.<\/span><\/p><p><span style=\"font-style: inherit; font-weight: inherit; background-color: var(--ast-global-color-5);\">\u00a0<\/span><\/p><h4>Image Credits<\/h4><p>All images by<\/p><p><a href=\"https:\/\/felixheinisch.de\/\" target=\"_blank\" rel=\"noopener\">Felix Heinisch Photography<\/a><\/p><p>FAQ \u2013 Intro: Adobe Stock\/nenetus<br \/>FAQ \u2013 \u201eEntdecken Sie jetzt unsere Services\u201c: Adobe Stock\/Prostock-studio<\/p>\t\t\t\t\t\t<\/div>\n\t\t\t\t<\/div>\n\t\t\t\t\t<\/div>\n\t\t<\/div>\n\t\t\t\t\t\t\t<\/div>\n\t\t<\/section>\n\t\t\t\t\t\t\t<\/div>\n\t\t","protected":false},"excerpt":{"rendered":"<p>Impressum &#8211; legal notice Information according to \u00a7 5 TMG WAY Business Solutions GmbH, WAY HR Professionals &amp; Experts GmbH,WAY People+ GmbH, WAY Engineering GmbH, WAY Digital Solutions GmbH Frankfurter Ring 15080807 Munich Contact Information Phone: +49 89 264831-600Fax: +49 89 264831-750Email: info@waygroup.de Register entry WAY Group is a brand of the companies listed below: &hellip;<\/p>\n<p class=\"read-more\"> <a class=\"\" href=\"https:\/\/waygroup.de\/en\/legal-notice\/\"> <span class=\"screen-reader-text\">Legal notice<\/span> Read More \u00bb<\/a><\/p>\n","protected":false},"author":6,"featured_media":0,"parent":0,"menu_order":0,"comment_status":"closed","ping_status":"closed","template":"","meta":{"site-sidebar-layout":"default","site-content-layout":"default","ast-global-header-display":"","ast-main-header-display":"","ast-hfb-above-header-display":"","ast-hfb-below-header-display":"","ast-hfb-mobile-header-display":"","site-post-title":"disabled","ast-breadcrumbs-content":"","ast-featured-img":"disabled","footer-sml-layout":"","theme-transparent-header-meta":"default","adv-header-id-meta":"","stick-header-meta":"default","header-above-stick-meta":"","header-main-stick-meta":"","header-below-stick-meta":"","footnotes":""},"class_list":["post-3325","page","type-page","status-publish","hentry"],"yoast_head":"<!-- This site is optimized with the Yoast SEO plugin v21.9 - https:\/\/yoast.com\/wordpress\/plugins\/seo\/ -->\n<title>Legal notice - WAY Group<\/title>\n<meta name=\"description\" content=\"Frankfurter Ring 150 80807 M\u00fcnchen \u2709\ufe0f info@waygroup.de \u260e\ufe0f +49 89 264831-799\" \/>\n<meta name=\"robots\" content=\"index, follow, max-snippet:-1, max-image-preview:large, max-video-preview:-1\" \/>\n<link rel=\"canonical\" href=\"https:\/\/waygroup.de\/en\/legal-notice\/\" \/>\n<meta property=\"og:locale\" content=\"en_US\" \/>\n<meta property=\"og:type\" content=\"article\" \/>\n<meta property=\"og:title\" content=\"Legal notice - WAY Group\" \/>\n<meta property=\"og:description\" content=\"Frankfurter Ring 150 80807 M\u00fcnchen \u2709\ufe0f info@waygroup.de \u260e\ufe0f +49 89 264831-799\" \/>\n<meta property=\"og:url\" content=\"https:\/\/waygroup.de\/en\/legal-notice\/\" \/>\n<meta property=\"og:site_name\" content=\"WAY Group\" \/>\n<meta property=\"article:modified_time\" content=\"2025-11-13T09:12:02+00:00\" \/>\n<meta name=\"twitter:card\" content=\"summary_large_image\" \/>\n<meta name=\"twitter:label1\" content=\"Est. reading time\" \/>\n\t<meta name=\"twitter:data1\" content=\"3 minutes\" \/>\n<script type=\"application\/ld+json\" class=\"yoast-schema-graph\">{\"@context\":\"https:\/\/schema.org\",\"@graph\":[{\"@type\":\"WebPage\",\"@id\":\"https:\/\/waygroup.de\/en\/legal-notice\/\",\"url\":\"https:\/\/waygroup.de\/en\/legal-notice\/\",\"name\":\"Legal notice - WAY Group\",\"isPartOf\":{\"@id\":\"https:\/\/waygroup.de\/en\/#website\"},\"datePublished\":\"2023-02-24T09:03:03+00:00\",\"dateModified\":\"2025-11-13T09:12:02+00:00\",\"description\":\"Frankfurter Ring 150 80807 M\u00fcnchen \u2709\ufe0f info@waygroup.de \u260e\ufe0f +49 89 264831-799\",\"breadcrumb\":{\"@id\":\"https:\/\/waygroup.de\/en\/legal-notice\/#breadcrumb\"},\"inLanguage\":\"en-US\",\"potentialAction\":[{\"@type\":\"ReadAction\",\"target\":[\"https:\/\/waygroup.de\/en\/legal-notice\/\"]}]},{\"@type\":\"BreadcrumbList\",\"@id\":\"https:\/\/waygroup.de\/en\/legal-notice\/#breadcrumb\",\"itemListElement\":[{\"@type\":\"ListItem\",\"position\":1,\"name\":\"Startseite\",\"item\":\"https:\/\/waygroup.de\/en\/\"},{\"@type\":\"ListItem\",\"position\":2,\"name\":\"Legal notice\"}]},{\"@type\":\"WebSite\",\"@id\":\"https:\/\/waygroup.de\/en\/#website\",\"url\":\"https:\/\/waygroup.de\/en\/\",\"name\":\"WAY Group\",\"description\":\"\",\"publisher\":{\"@id\":\"https:\/\/waygroup.de\/en\/#organization\"},\"potentialAction\":[{\"@type\":\"SearchAction\",\"target\":{\"@type\":\"EntryPoint\",\"urlTemplate\":\"https:\/\/waygroup.de\/en\/?s={search_term_string}\"},\"query-input\":\"required name=search_term_string\"}],\"inLanguage\":\"en-US\"},{\"@type\":\"Organization\",\"@id\":\"https:\/\/waygroup.de\/en\/#organization\",\"name\":\"WAY Group\",\"url\":\"https:\/\/waygroup.de\/en\/\",\"logo\":{\"@type\":\"ImageObject\",\"inLanguage\":\"en-US\",\"@id\":\"https:\/\/waygroup.de\/en\/#\/schema\/logo\/image\/\",\"url\":\"https:\/\/waygroup.de\/wp-content\/uploads\/2022\/10\/Group_WAY_Logo_1024x328-e1587464025883.png\",\"contentUrl\":\"https:\/\/waygroup.de\/wp-content\/uploads\/2022\/10\/Group_WAY_Logo_1024x328-e1587464025883.png\",\"width\":400,\"height\":128,\"caption\":\"WAY Group\"},\"image\":{\"@id\":\"https:\/\/waygroup.de\/en\/#\/schema\/logo\/image\/\"}}]}<\/script>\n<!-- \/ Yoast SEO plugin. -->","yoast_head_json":{"title":"Legal notice - WAY Group","description":"Frankfurter Ring 150 80807 M\u00fcnchen \u2709\ufe0f info@waygroup.de \u260e\ufe0f +49 89 264831-799","robots":{"index":"index","follow":"follow","max-snippet":"max-snippet:-1","max-image-preview":"max-image-preview:large","max-video-preview":"max-video-preview:-1"},"canonical":"https:\/\/waygroup.de\/en\/legal-notice\/","og_locale":"en_US","og_type":"article","og_title":"Legal notice - WAY Group","og_description":"Frankfurter Ring 150 80807 M\u00fcnchen \u2709\ufe0f info@waygroup.de \u260e\ufe0f +49 89 264831-799","og_url":"https:\/\/waygroup.de\/en\/legal-notice\/","og_site_name":"WAY Group","article_modified_time":"2025-11-13T09:12:02+00:00","twitter_card":"summary_large_image","twitter_misc":{"Est. reading time":"3 minutes"},"schema":{"@context":"https:\/\/schema.org","@graph":[{"@type":"WebPage","@id":"https:\/\/waygroup.de\/en\/legal-notice\/","url":"https:\/\/waygroup.de\/en\/legal-notice\/","name":"Legal notice - WAY Group","isPartOf":{"@id":"https:\/\/waygroup.de\/en\/#website"},"datePublished":"2023-02-24T09:03:03+00:00","dateModified":"2025-11-13T09:12:02+00:00","description":"Frankfurter Ring 150 80807 M\u00fcnchen \u2709\ufe0f info@waygroup.de \u260e\ufe0f +49 89 264831-799","breadcrumb":{"@id":"https:\/\/waygroup.de\/en\/legal-notice\/#breadcrumb"},"inLanguage":"en-US","potentialAction":[{"@type":"ReadAction","target":["https:\/\/waygroup.de\/en\/legal-notice\/"]}]},{"@type":"BreadcrumbList","@id":"https:\/\/waygroup.de\/en\/legal-notice\/#breadcrumb","itemListElement":[{"@type":"ListItem","position":1,"name":"Startseite","item":"https:\/\/waygroup.de\/en\/"},{"@type":"ListItem","position":2,"name":"Legal notice"}]},{"@type":"WebSite","@id":"https:\/\/waygroup.de\/en\/#website","url":"https:\/\/waygroup.de\/en\/","name":"WAY Group","description":"","publisher":{"@id":"https:\/\/waygroup.de\/en\/#organization"},"potentialAction":[{"@type":"SearchAction","target":{"@type":"EntryPoint","urlTemplate":"https:\/\/waygroup.de\/en\/?s={search_term_string}"},"query-input":"required name=search_term_string"}],"inLanguage":"en-US"},{"@type":"Organization","@id":"https:\/\/waygroup.de\/en\/#organization","name":"WAY Group","url":"https:\/\/waygroup.de\/en\/","logo":{"@type":"ImageObject","inLanguage":"en-US","@id":"https:\/\/waygroup.de\/en\/#\/schema\/logo\/image\/","url":"https:\/\/waygroup.de\/wp-content\/uploads\/2022\/10\/Group_WAY_Logo_1024x328-e1587464025883.png","contentUrl":"https:\/\/waygroup.de\/wp-content\/uploads\/2022\/10\/Group_WAY_Logo_1024x328-e1587464025883.png","width":400,"height":128,"caption":"WAY Group"},"image":{"@id":"https:\/\/waygroup.de\/en\/#\/schema\/logo\/image\/"}}]}},"_links":{"self":[{"href":"https:\/\/waygroup.de\/en\/wp-json\/wp\/v2\/pages\/3325","targetHints":{"allow":["GET"]}}],"collection":[{"href":"https:\/\/waygroup.de\/en\/wp-json\/wp\/v2\/pages"}],"about":[{"href":"https:\/\/waygroup.de\/en\/wp-json\/wp\/v2\/types\/page"}],"author":[{"embeddable":true,"href":"https:\/\/waygroup.de\/en\/wp-json\/wp\/v2\/users\/6"}],"replies":[{"embeddable":true,"href":"https:\/\/waygroup.de\/en\/wp-json\/wp\/v2\/comments?post=3325"}],"version-history":[{"count":31,"href":"https:\/\/waygroup.de\/en\/wp-json\/wp\/v2\/pages\/3325\/revisions"}],"predecessor-version":[{"id":10562,"href":"https:\/\/waygroup.de\/en\/wp-json\/wp\/v2\/pages\/3325\/revisions\/10562"}],"wp:attachment":[{"href":"https:\/\/waygroup.de\/en\/wp-json\/wp\/v2\/media?parent=3325"}],"curies":[{"name":"wp","href":"https:\/\/api.w.org\/{rel}","templated":true}]}}